{"id":3144,"date":"2020-06-30T08:55:55","date_gmt":"2020-06-30T06:55:55","guid":{"rendered":"http:\/\/wpdemo.archiwp.com\/theratio-sidenav\/?page_id=3144"},"modified":"2024-05-06T14:06:55","modified_gmt":"2024-05-06T12:06:55","slug":"about-us","status":"publish","type":"page","link":"https:\/\/capitalhouse.md\/index.php\/about-us\/","title":{"rendered":"Despre Noi"},"content":{"rendered":"\t\t<div data-elementor-type=\"wp-page\" data-elementor-id=\"3144\" class=\"elementor elementor-3144\">\n\t\t\t\t\t\t\t\t\t<section class=\"elementor-section elementor-top-section elementor-element elementor-element-df72e2d elementor-section-content-middle elementor-section-boxed elementor-section-height-default elementor-section-height-default\" data-id=\"df72e2d\" data-element_type=\"section\">\n\t\t\t\t\t\t<div class=\"elementor-container elementor-column-gap-extended\">\n\t\t\t\t\t<div class=\"elementor-column elementor-col-50 elementor-top-column elementor-element elementor-element-702c3f8 ot-flex-column-vertical\" data-id=\"702c3f8\" data-element_type=\"column\">\n\t\t\t<div class=\"elementor-widget-wrap elementor-element-populated\">\n\t\t\t\t\t\t\t\t<div class=\"elementor-element elementor-element-b217ac3 elementor-widget elementor-widget-image\" data-id=\"b217ac3\" data-element_type=\"widget\" data-widget_type=\"image.default\">\n\t\t\t\t<div class=\"elementor-widget-container\">\n\t\t\t<style>\/*! elementor - v3.6.5 - 27-04-2022 *\/\n.elementor-widget-image{text-align:center}.elementor-widget-image a{display:inline-block}.elementor-widget-image a img[src$=\".svg\"]{width:48px}.elementor-widget-image img{vertical-align:middle;display:inline-block}<\/style>\t\t\t\t\t\t\t\t\t\t\t\t<img loading=\"lazy\" decoding=\"async\" width=\"640\" height=\"640\" src=\"https:\/\/capitalhouse.md\/wp-content\/uploads\/2024\/05\/despre-noi.png\" class=\"attachment-full size-full\" alt=\"\" srcset=\"https:\/\/capitalhouse.md\/wp-content\/uploads\/2024\/05\/despre-noi.png 640w, https:\/\/capitalhouse.md\/wp-content\/uploads\/2024\/05\/despre-noi-300x300.png 300w, https:\/\/capitalhouse.md\/wp-content\/uploads\/2024\/05\/despre-noi-150x150.png 150w\" sizes=\"auto, (max-width: 640px) 100vw, 640px\" \/>\t\t\t\t\t\t\t\t\t\t\t\t\t\t\t<\/div>\n\t\t\t\t<\/div>\n\t\t\t\t\t<\/div>\n\t\t<\/div>\n\t\t\t\t<div class=\"elementor-column elementor-col-50 elementor-top-column elementor-element elementor-element-fd9e4c7 ot-flex-column-vertical\" data-id=\"fd9e4c7\" data-element_type=\"column\">\n\t\t\t<div class=\"elementor-widget-wrap elementor-element-populated\">\n\t\t\t\t\t\t\t\t<div class=\"elementor-element elementor-element-890d398 theratio-align-center elementor-widget elementor-widget-iheading\" data-id=\"890d398\" data-element_type=\"widget\" data-widget_type=\"iheading.default\">\n\t\t\t\t<div class=\"elementor-widget-container\">\n\t\t\t\t\t<div class=\"ot-heading is-dots\">\r\n\t        \t            <span> <font face=\"Comic Sans MS\">[ Despre Noi ]<\/span>\r\n\t        \t        <h2 class=\"main-heading\"><span class=\"notranslate\">Capital House SRL<\/span><\/h2>\r\n\t        \t    <\/div>\r\n\t    \t\t<\/div>\n\t\t\t\t<\/div>\n\t\t\t\t<div class=\"elementor-element elementor-element-72340e0 elementor-widget elementor-widget-text-editor\" data-id=\"72340e0\" data-element_type=\"widget\" data-widget_type=\"text-editor.default\">\n\t\t\t\t<div class=\"elementor-widget-container\">\n\t\t\t<style>\/*! elementor - v3.6.5 - 27-04-2022 *\/\n.elementor-widget-text-editor.elementor-drop-cap-view-stacked .elementor-drop-cap{background-color:#818a91;color:#fff}.elementor-widget-text-editor.elementor-drop-cap-view-framed .elementor-drop-cap{color:#818a91;border:3px solid;background-color:transparent}.elementor-widget-text-editor:not(.elementor-drop-cap-view-default) .elementor-drop-cap{margin-top:8px}.elementor-widget-text-editor:not(.elementor-drop-cap-view-default) .elementor-drop-cap-letter{width:1em;height:1em}.elementor-widget-text-editor .elementor-drop-cap{float:left;text-align:center;line-height:1;font-size:50px}.elementor-widget-text-editor .elementor-drop-cap-letter{display:inline-block}<\/style>\t\t\t\t<span class=\"notranslate\"><span style=\"font-family: Comic Sans MS;\">Capital House este o echip\u0103 care creeaz\u0103 PROIECTE unicale, armonioase \u0219i confortabile, le umple cu caracter, c\u0103ldur\u0103 \u0219i confort, astfel \u00eenc\u00e2t s\u0103 reflecte individualitatea \u0219i realizeaz\u0103 visele fiec\u0103rui client \u00een parte. Elabor\u0103m cu aten\u021bie fiecare detaliu p\u00e2n\u0103 la implimentarea complet\u0103 a fiecarui proiect, g\u0103sim solu\u021bii non-standard \u0219i \u00eentruchip\u0103m planurile propuse \u00een realitate.<\/span><\/span>\t\t\t\t\t\t<\/div>\n\t\t\t\t<\/div>\n\t\t\t\t<div class=\"elementor-element elementor-element-c5ebb47 elementor-widget elementor-widget-ibutton\" data-id=\"c5ebb47\" data-element_type=\"widget\" data-widget_type=\"ibutton.default\">\n\t\t\t\t<div class=\"elementor-widget-container\">\n\t\t\t\t\t<div class=\"ot-button\">\r\n\t\t\t<a href=\"https:\/\/capitalhouse.md\/index.php\/portfolio-grid\/\" class=\"octf-btn octf-btn-light\"> <font face=\"Comic Sans MS\">Portofoliu<\/a>\r\n\t    <\/div>\r\n\t    \t\t<\/div>\n\t\t\t\t<\/div>\n\t\t\t\t\t<\/div>\n\t\t<\/div>\n\t\t\t\t\t\t\t<\/div>\n\t\t<\/section>\n\t\t\t\t<section class=\"elementor-section elementor-top-section elementor-element elementor-element-9da623e elementor-section-boxed elementor-section-height-default elementor-section-height-default\" data-id=\"9da623e\" data-element_type=\"section\" data-settings=\"{&quot;background_background&quot;:&quot;classic&quot;}\">\n\t\t\t\t\t\t<div class=\"elementor-container elementor-column-gap-default\">\n\t\t\t\t\t<div class=\"elementor-column elementor-col-100 elementor-top-column elementor-element elementor-element-16cfa0c ot-flex-column-vertical\" data-id=\"16cfa0c\" data-element_type=\"column\">\n\t\t\t<div class=\"elementor-widget-wrap elementor-element-populated\">\n\t\t\t\t\t\t\t\t<section class=\"elementor-section elementor-inner-section elementor-element elementor-element-765bb86 elementor-section-full_width elementor-section-height-default elementor-section-height-default\" data-id=\"765bb86\" data-element_type=\"section\">\n\t\t\t\t\t\t<div class=\"elementor-container elementor-column-gap-extended\">\n\t\t\t\t\t<div class=\"elementor-column elementor-col-33 elementor-inner-column elementor-element elementor-element-bb34f0d ot-flex-column-vertical\" data-id=\"bb34f0d\" data-element_type=\"column\">\n\t\t\t<div class=\"elementor-widget-wrap elementor-element-populated\">\n\t\t\t\t\t\t\t\t<div class=\"elementor-element elementor-element-fa6f387 elementor-widget elementor-widget-iflip_box\" data-id=\"fa6f387\" data-element_type=\"widget\" data-widget_type=\"iflip_box.default\">\n\t\t\t\t<div class=\"elementor-widget-container\">\n\t\t\t\r\n\t\t<div class=\"support-box\">\r\n\t\t\t<div class=\"inner-box\">\r\n\t\t\t\t<div class=\"overlay flex-middle\">\r\n\t\t\t\t\t<div class=\"inner\">\r\n\t\t\t\t\t\t<p>Ne inspir\u0103m din tot ce ne \u00eenconjoar\u0103, propunem idei care \u00eendeplinesc criterii de estetic\u0103 \u015fi func\u021bionalitate. \nCu mult\u0103 dedica\u0163ie oferim cele mai bune idei \u015fi solu\u021bii pentru realizarea visului Dvs.<\/p>\r\n\t\t\t\t\t<\/div>\r\n\t\t\t\t<\/div>\r\n\t\t\t\t<div class=\"content-box\">\r\n\t\t\t\t\t<div class=\"icon-title\">\r\n\t\t\t\t        \t\t\t\t        <span class=\"ot-flaticon-brickwall\"><\/span>\t\t\t\t        <h5>Scopul Nostru<\/h5>\r\n\t\t\t        <\/div>\r\n\t\t\t\t\t<img loading=\"lazy\" decoding=\"async\" width=\"750\" height=\"628\" src=\"https:\/\/capitalhouse.md\/wp-content\/uploads\/2020\/07\/support1.jpg\" class=\"attachment-full size-full\" alt=\"\" srcset=\"https:\/\/capitalhouse.md\/wp-content\/uploads\/2020\/07\/support1.jpg 750w, https:\/\/capitalhouse.md\/wp-content\/uploads\/2020\/07\/support1-300x251.jpg 300w\" sizes=\"auto, (max-width: 750px) 100vw, 750px\" \/>\t\t\t\t<\/div>\r\n\t\t\t<\/div>\r\n\t    <\/div>\r\n\r\n\t    \t\t<\/div>\n\t\t\t\t<\/div>\n\t\t\t\t\t<\/div>\n\t\t<\/div>\n\t\t\t\t<div class=\"elementor-column elementor-col-33 elementor-inner-column elementor-element elementor-element-7e8f247 ot-flex-column-vertical\" data-id=\"7e8f247\" data-element_type=\"column\">\n\t\t\t<div class=\"elementor-widget-wrap elementor-element-populated\">\n\t\t\t\t\t\t\t\t<div class=\"elementor-element elementor-element-c8a9e09 elementor-widget elementor-widget-iflip_box\" data-id=\"c8a9e09\" data-element_type=\"widget\" data-widget_type=\"iflip_box.default\">\n\t\t\t\t<div class=\"elementor-widget-container\">\n\t\t\t\r\n\t\t<div class=\"support-box\">\r\n\t\t\t<div class=\"inner-box\">\r\n\t\t\t\t<div class=\"overlay flex-middle\">\r\n\t\t\t\t\t<div class=\"inner\">\r\n\t\t\t\t\t\t<p>Dorim s\u0103 sc\u0103p\u0103m de rutina zilnic\u0103 ce ne inconjoar\u0103, p\u0103str\u00e2nd principalul \u2013 lini\u0219tea, confortul \u0219i estetica !\nFilozofia noastr\u0103 este de a creea spa\u021biu personalizat pentru fiecare Om Individual.\nSchimb\u0103m lumea f\u0103c\u00e2nd vie\u021bile oamenilor mai u\u0219oare, mai confortabile \u0219i mai pa\u0219nice.<\/p>\r\n\t\t\t\t\t<\/div>\r\n\t\t\t\t<\/div>\r\n\t\t\t\t<div class=\"content-box\">\r\n\t\t\t\t\t<div class=\"icon-title\">\r\n\t\t\t\t        \t\t\t\t        <span class=\"ot-flaticon-paint\"><\/span>\t\t\t\t        <h5>Viziunea noastr\u0103<\/h5>\r\n\t\t\t        <\/div>\r\n\t\t\t\t\t<img loading=\"lazy\" decoding=\"async\" width=\"750\" height=\"628\" src=\"https:\/\/capitalhouse.md\/wp-content\/uploads\/2020\/07\/support2.jpg\" class=\"attachment-full size-full\" alt=\"\" srcset=\"https:\/\/capitalhouse.md\/wp-content\/uploads\/2020\/07\/support2.jpg 750w, https:\/\/capitalhouse.md\/wp-content\/uploads\/2020\/07\/support2-300x251.jpg 300w\" sizes=\"auto, (max-width: 750px) 100vw, 750px\" \/>\t\t\t\t<\/div>\r\n\t\t\t<\/div>\r\n\t    <\/div>\r\n\r\n\t    \t\t<\/div>\n\t\t\t\t<\/div>\n\t\t\t\t\t<\/div>\n\t\t<\/div>\n\t\t\t\t<div class=\"elementor-column elementor-col-33 elementor-inner-column elementor-element elementor-element-cbc1a0f ot-flex-column-vertical\" data-id=\"cbc1a0f\" data-element_type=\"column\">\n\t\t\t<div class=\"elementor-widget-wrap elementor-element-populated\">\n\t\t\t\t\t\t\t\t<div class=\"elementor-element elementor-element-ae2a8d5 elementor-widget elementor-widget-iflip_box\" data-id=\"ae2a8d5\" data-element_type=\"widget\" data-widget_type=\"iflip_box.default\">\n\t\t\t\t<div class=\"elementor-widget-container\">\n\t\t\t\r\n\t\t<div class=\"support-box\">\r\n\t\t\t<div class=\"inner-box\">\r\n\t\t\t\t<div class=\"overlay flex-middle\">\r\n\t\t\t\t\t<div class=\"inner\">\r\n\t\t\t\t\t\t<p>Valorile Noastre \u021bin de fericirea \u015fi de satisfacerea clien\u021bilor. \nTindem spre standarde estetice ridicate de comportament, iar respectul reciproc este cheia muncii \u00een echip\u0103. \nDezvolt\u0103m capacitatea de a fi \u00eenaintea celorlal\u021bi \u015fi suntem convin\u015fi c\u0103 Clientul este inima companiei, iar  Echipa este sufletul ei.<\/p>\r\n\t\t\t\t\t<\/div>\r\n\t\t\t\t<\/div>\r\n\t\t\t\t<div class=\"content-box\">\r\n\t\t\t\t\t<div class=\"icon-title\">\r\n\t\t\t\t        \t\t\t\t        <span class=\"ot-flaticon-cube\"><\/span>\t\t\t\t        <h5>Valorile Noastre<\/h5>\r\n\t\t\t        <\/div>\r\n\t\t\t\t\t<img loading=\"lazy\" decoding=\"async\" width=\"750\" height=\"628\" src=\"https:\/\/capitalhouse.md\/wp-content\/uploads\/2020\/07\/support3.jpg\" class=\"attachment-full size-full\" alt=\"\" srcset=\"https:\/\/capitalhouse.md\/wp-content\/uploads\/2020\/07\/support3.jpg 750w, https:\/\/capitalhouse.md\/wp-content\/uploads\/2020\/07\/support3-300x251.jpg 300w\" sizes=\"auto, (max-width: 750px) 100vw, 750px\" \/>\t\t\t\t<\/div>\r\n\t\t\t<\/div>\r\n\t    <\/div>\r\n\r\n\t    \t\t<\/div>\n\t\t\t\t<\/div>\n\t\t\t\t\t<\/div>\n\t\t<\/div>\n\t\t\t\t\t\t\t<\/div>\n\t\t<\/section>\n\t\t\t\t\t<\/div>\n\t\t<\/div>\n\t\t\t\t\t\t\t<\/div>\n\t\t<\/section>\n\t\t\t\t<section class=\"elementor-section elementor-top-section elementor-element elementor-element-a794d5f elementor-section-boxed elementor-section-height-default elementor-section-height-default\" data-id=\"a794d5f\" data-element_type=\"section\">\n\t\t\t\t\t\t<div class=\"elementor-container elementor-column-gap-extended\">\n\t\t\t\t\t<div class=\"elementor-column elementor-col-25 elementor-top-column elementor-element elementor-element-71a60d4 ot-flex-column-vertical\" data-id=\"71a60d4\" data-element_type=\"column\">\n\t\t\t<div class=\"elementor-widget-wrap elementor-element-populated\">\n\t\t\t\t\t\t\t\t<div class=\"elementor-element elementor-element-ab6c44f elementor-widget elementor-widget-icounter\" data-id=\"ab6c44f\" data-element_type=\"widget\" data-widget_type=\"icounter.default\">\n\t\t\t\t<div class=\"elementor-widget-container\">\n\t\t\t    \t<div class=\"ot-counter\" data-counter=\"100\">\r\n        \t<div>\r\n        \t\t<span>[<\/span>\r\n        \t\t<span class=\"num\" data-to=\"100\" data-time= \"2000\"><\/span>\r\n        \t\t<span>+]<\/span>\r\n        \t<\/div>\r\n        \t<h6>Clien\u021bi actuali<\/h6>      \t\t\t\t        \r\n\t    <\/div>\r\n\t    \t\t<\/div>\n\t\t\t\t<\/div>\n\t\t\t\t\t<\/div>\n\t\t<\/div>\n\t\t\t\t<div class=\"elementor-column elementor-col-25 elementor-top-column elementor-element elementor-element-693eb16 ot-flex-column-vertical\" data-id=\"693eb16\" data-element_type=\"column\">\n\t\t\t<div class=\"elementor-widget-wrap elementor-element-populated\">\n\t\t\t\t\t\t\t\t<div class=\"elementor-element elementor-element-2585cbc elementor-widget elementor-widget-icounter\" data-id=\"2585cbc\" data-element_type=\"widget\" data-widget_type=\"icounter.default\">\n\t\t\t\t<div class=\"elementor-widget-container\">\n\t\t\t    \t<div class=\"ot-counter\" data-counter=\"7\">\r\n        \t<div>\r\n        \t\t<span>[<\/span>\r\n        \t\t<span class=\"num\" data-to=\"7\" data-time= \"2000\"><\/span>\r\n        \t\t<span>+]<\/span>\r\n        \t<\/div>\r\n        \t<h6>ani de experien\u021b\u0103<\/h6>      \t\t\t\t        \r\n\t    <\/div>\r\n\t    \t\t<\/div>\n\t\t\t\t<\/div>\n\t\t\t\t\t<\/div>\n\t\t<\/div>\n\t\t\t\t<div class=\"elementor-column elementor-col-25 elementor-top-column elementor-element elementor-element-6076105 ot-flex-column-vertical\" data-id=\"6076105\" data-element_type=\"column\">\n\t\t\t<div class=\"elementor-widget-wrap elementor-element-populated\">\n\t\t\t\t\t\t\t\t<div class=\"elementor-element elementor-element-e355354 elementor-widget elementor-widget-icounter\" data-id=\"e355354\" data-element_type=\"widget\" data-widget_type=\"icounter.default\">\n\t\t\t\t<div class=\"elementor-widget-container\">\n\t\t\t    \t<div class=\"ot-counter\" data-counter=\"130\">\r\n        \t<div>\r\n        \t\t<span>[<\/span>\r\n        \t\t<span class=\"num\" data-to=\"130\" data-time= \"2000\"><\/span>\r\n        \t\t<span>+]<\/span>\r\n        \t<\/div>\r\n        \t<h6>proiecte<\/h6>      \t\t\t\t        \r\n\t    <\/div>\r\n\t    \t\t<\/div>\n\t\t\t\t<\/div>\n\t\t\t\t\t<\/div>\n\t\t<\/div>\n\t\t\t\t<div class=\"elementor-column elementor-col-25 elementor-top-column elementor-element elementor-element-70e8ade ot-flex-column-vertical\" data-id=\"70e8ade\" data-element_type=\"column\">\n\t\t\t<div class=\"elementor-widget-wrap elementor-element-populated\">\n\t\t\t\t\t\t\t\t<div class=\"elementor-element elementor-element-488ddbb elementor-widget elementor-widget-icounter\" data-id=\"488ddbb\" data-element_type=\"widget\" data-widget_type=\"icounter.default\">\n\t\t\t\t<div class=\"elementor-widget-container\">\n\t\t\t    \t<div class=\"ot-counter\" data-counter=\"150\">\r\n        \t<div>\r\n        \t\t<span>[<\/span>\r\n        \t\t<span class=\"num\" data-to=\"150\" data-time= \"2000\"><\/span>\r\n        \t\t<span>+]<\/span>\r\n        \t<\/div>\r\n        \t<h6>consult\u0103ri<\/h6>      \t\t\t\t        \r\n\t    <\/div>\r\n\t    \t\t<\/div>\n\t\t\t\t<\/div>\n\t\t\t\t\t<\/div>\n\t\t<\/div>\n\t\t\t\t\t\t\t<\/div>\n\t\t<\/section>\n\t\t\t\t\t\t\t<\/div>\n\t\t","protected":false},"excerpt":{"rendered":"<p>[ Despre Noi ] Capital House SRL Capital House este o echip\u0103 care creeaz\u0103 PROIECTE unicale, armonioase \u0219i confortabile, le umple cu caracter, c\u0103ldur\u0103 \u0219i confort, astfel \u00eenc\u00e2t s\u0103 reflecte individualitatea \u0219i realizeaz\u0103 visele fiec\u0103rui client \u00een parte. Elabor\u0103m cu aten\u021bie fiecare detaliu p\u00e2n\u0103 la implimentarea complet\u0103 a fiecarui proiect, g\u0103sim solu\u021bii non-standard \u0219i \u00eentruchip\u0103m [&hellip;]<\/p>\n","protected":false},"author":1,"featured_media":0,"parent":0,"menu_order":0,"comment_status":"closed","ping_status":"closed","template":"","meta":{"footnotes":""},"class_list":["post-3144","page","type-page","status-publish","hentry"],"_links":{"self":[{"href":"https:\/\/capitalhouse.md\/index.php\/wp-json\/wp\/v2\/pages\/3144","targetHints":{"allow":["GET"]}}],"collection":[{"href":"https:\/\/capitalhouse.md\/index.php\/wp-json\/wp\/v2\/pages"}],"about":[{"href":"https:\/\/capitalhouse.md\/index.php\/wp-json\/wp\/v2\/types\/page"}],"author":[{"embeddable":true,"href":"https:\/\/capitalhouse.md\/index.php\/wp-json\/wp\/v2\/users\/1"}],"replies":[{"embeddable":true,"href":"https:\/\/capitalhouse.md\/index.php\/wp-json\/wp\/v2\/comments?post=3144"}],"version-history":[{"count":169,"href":"https:\/\/capitalhouse.md\/index.php\/wp-json\/wp\/v2\/pages\/3144\/revisions"}],"predecessor-version":[{"id":5748,"href":"https:\/\/capitalhouse.md\/index.php\/wp-json\/wp\/v2\/pages\/3144\/revisions\/5748"}],"wp:attachment":[{"href":"https:\/\/capitalhouse.md\/index.php\/wp-json\/wp\/v2\/media?parent=3144"}],"curies":[{"name":"wp","href":"https:\/\/api.w.org\/{rel}","templated":true}]}}